{"id":933,"date":"2026-03-14T11:31:07","date_gmt":"2026-03-14T10:31:07","guid":{"rendered":"https:\/\/lechailly.ch\/w\/?page_id=933"},"modified":"2026-04-30T13:44:22","modified_gmt":"2026-04-30T11:44:22","slug":"programme-cccl-2026","status":"publish","type":"page","link":"http:\/\/lechailly.ch\/w\/programme-cccl-2026\/","title":{"rendered":"Programme CCCL 2026"},"content":{"rendered":"\n<p><strong>Samedi 17 janvier 2026&nbsp;&nbsp;&nbsp;&nbsp;&nbsp;&nbsp; &nbsp;&nbsp; Reprise des cours Education-sociabilisation-SportPlaisir au Taulard \u00e0 Romanel<\/strong><\/p>\n\n\n\n<p><strong>Mardi 24 mars 2026&nbsp;&nbsp;&nbsp;&nbsp;&nbsp;&nbsp;&nbsp;&nbsp;&nbsp;&nbsp;&nbsp;&nbsp;&nbsp; &nbsp;&nbsp; Reprise des cours d\u2019agility d\u00e9butants \u00e0 St-Prex<\/strong><\/p>\n\n\n\n<p><strong>Dimanche 14 juin 2026&nbsp;&nbsp;&nbsp;&nbsp;&nbsp;&nbsp;&nbsp; &nbsp;&nbsp; Concours SportPlaisir du CCCL \u00e0 St-Prex<\/strong><\/p>\n\n\n\n<p><strong>21 juin et 22 juin 2026                   S\u00e9minaire agility et hoopers \u00e0 St-Prex<\/strong><\/p>\n\n\n\n<p><strong>Samedi 22 ao\u00fbt 2026&nbsp;&nbsp;&nbsp;&nbsp;&nbsp;&nbsp;&nbsp;&nbsp;&nbsp;&nbsp;&nbsp; &nbsp;&nbsp; Concours Agility du CCCL \u00e0 St-Prex<\/strong><\/p>\n","protected":false},"excerpt":{"rendered":"<p>Samedi 17 janvier 2026&nbsp;&nbsp;&nbsp;&nbsp;&nbsp;&nbsp; &nbsp;&nbsp; Reprise des cours Education-sociabilisation-SportPlaisir au Taulard \u00e0 Romanel Mardi 24 mars 2026&nbsp;&nbsp;&nbsp;&nbsp;&nbsp;&nbsp;&nbsp;&nbsp;&nbsp;&nbsp;&nbsp;&nbsp;&nbsp; &nbsp;&nbsp; Reprise des cours d\u2019agility d\u00e9butants \u00e0 St-Prex Dimanche 14 juin 2026&nbsp;&nbsp;&nbsp;&nbsp;&nbsp;&nbsp;&nbsp; &nbsp;&nbsp; Concours SportPlaisir du CCCL \u00e0 St-Prex 21 juin et 22 juin 2026 S\u00e9minaire agility et hoopers \u00e0 St-Prex Samedi 22 ao\u00fbt 2026&nbsp;&nbsp;&nbsp;&nbsp;&nbsp;&nbsp;&nbsp;&nbsp;&nbsp;&nbsp;&nbsp; &nbsp;&nbsp; Concours Agility &hellip; <a href=\"http:\/\/lechailly.ch\/w\/programme-cccl-2026\/\" class=\"more-link\">Continuer la lecture de <span class=\"screen-reader-text\">Programme CCCL 2026<\/span> <span class=\"meta-nav\">&rarr;<\/span><\/a><\/p>\n","protected":false},"author":3,"featured_media":0,"parent":0,"menu_order":0,"comment_status":"closed","ping_status":"closed","template":"","meta":{"footnotes":""},"_links":{"self":[{"href":"http:\/\/lechailly.ch\/w\/wp-json\/wp\/v2\/pages\/933"}],"collection":[{"href":"http:\/\/lechailly.ch\/w\/wp-json\/wp\/v2\/pages"}],"about":[{"href":"http:\/\/lechailly.ch\/w\/wp-json\/wp\/v2\/types\/page"}],"author":[{"embeddable":true,"href":"http:\/\/lechailly.ch\/w\/wp-json\/wp\/v2\/users\/3"}],"replies":[{"embeddable":true,"href":"http:\/\/lechailly.ch\/w\/wp-json\/wp\/v2\/comments?post=933"}],"version-history":[{"count":6,"href":"http:\/\/lechailly.ch\/w\/wp-json\/wp\/v2\/pages\/933\/revisions"}],"predecessor-version":[{"id":958,"href":"http:\/\/lechailly.ch\/w\/wp-json\/wp\/v2\/pages\/933\/revisions\/958"}],"wp:attachment":[{"href":"http:\/\/lechailly.ch\/w\/wp-json\/wp\/v2\/media?parent=933"}],"curies":[{"name":"wp","href":"https:\/\/api.w.org\/{rel}","templated":true}]}}