{"id":57,"date":"2015-08-16T17:00:35","date_gmt":"2015-08-16T15:00:35","guid":{"rendered":"http:\/\/lechailly.ch\/w\/?page_id=57"},"modified":"2023-03-03T11:20:33","modified_gmt":"2023-03-03T10:20:33","slug":"entrainements","status":"publish","type":"page","link":"http:\/\/lechailly.ch\/w\/entrainements\/","title":{"rendered":"Entra\u00eenements"},"content":{"rendered":"<p>Le chien doit&nbsp;avoir sa vaccination combin\u00e9e&nbsp;des maladies \u00e0 jour, soit faite dans l&rsquo;ann\u00e9e,&nbsp;ainsi qu&rsquo;une assurance RC couvrant les d\u00e9g\u00e2ts caus\u00e9s par le chien.<\/p>\n<p>Nous vous rappelons \u00e9galement que les chiens doivent \u00eatre sortis et avoir fait leurs besoins avant de venir sur le terrain. Ils doivent \u00eatre tenus en laisse pendant le travail des autres chiens.<\/p>\n<p>Ne les laissez pas sans surveillance une fois le travail termin\u00e9.<\/p>\n","protected":false},"excerpt":{"rendered":"<p>Le chien doit&nbsp;avoir sa vaccination combin\u00e9e&nbsp;des maladies \u00e0 jour, soit faite dans l&rsquo;ann\u00e9e,&nbsp;ainsi qu&rsquo;une assurance RC couvrant les d\u00e9g\u00e2ts caus\u00e9s par le chien. Nous vous rappelons \u00e9galement que les chiens doivent \u00eatre sortis et avoir fait leurs besoins avant de venir sur le terrain. Ils doivent \u00eatre tenus en laisse pendant le travail des autres &hellip; <a href=\"http:\/\/lechailly.ch\/w\/entrainements\/\" class=\"more-link\">Continuer la lecture de <span class=\"screen-reader-text\">Entra\u00eenements<\/span> <span class=\"meta-nav\">&rarr;<\/span><\/a><\/p>\n","protected":false},"author":1,"featured_media":0,"parent":0,"menu_order":0,"comment_status":"closed","ping_status":"open","template":"","meta":{"footnotes":""},"_links":{"self":[{"href":"http:\/\/lechailly.ch\/w\/wp-json\/wp\/v2\/pages\/57"}],"collection":[{"href":"http:\/\/lechailly.ch\/w\/wp-json\/wp\/v2\/pages"}],"about":[{"href":"http:\/\/lechailly.ch\/w\/wp-json\/wp\/v2\/types\/page"}],"author":[{"embeddable":true,"href":"http:\/\/lechailly.ch\/w\/wp-json\/wp\/v2\/users\/1"}],"replies":[{"embeddable":true,"href":"http:\/\/lechailly.ch\/w\/wp-json\/wp\/v2\/comments?post=57"}],"version-history":[{"count":4,"href":"http:\/\/lechailly.ch\/w\/wp-json\/wp\/v2\/pages\/57\/revisions"}],"predecessor-version":[{"id":787,"href":"http:\/\/lechailly.ch\/w\/wp-json\/wp\/v2\/pages\/57\/revisions\/787"}],"wp:attachment":[{"href":"http:\/\/lechailly.ch\/w\/wp-json\/wp\/v2\/media?parent=57"}],"curies":[{"name":"wp","href":"https:\/\/api.w.org\/{rel}","templated":true}]}}