{"id":45,"date":"2015-08-10T20:57:04","date_gmt":"2015-08-10T20:57:04","guid":{"rendered":"http:\/\/lechailly.ch\/w\/?page_id=45"},"modified":"2024-02-22T15:43:09","modified_gmt":"2024-02-22T14:43:09","slug":"comite","status":"publish","type":"page","link":"http:\/\/lechailly.ch\/w\/comite\/","title":{"rendered":"Comit\u00e9"},"content":{"rendered":"\n<h5 class=\"wp-block-heading\">Le comit\u00e9 du CCCL<\/h5>\n\n\n\n<p><\/p>\n\n\n\n<figure class=\"wp-block-table\"><table><tbody><tr><td><strong>Pr\u00e9sidente et <\/strong><br><strong>Cheffe technique<\/strong> <\/td><td><strong>Anne-Christine Bassin<\/strong><\/td><\/tr><tr><td>&nbsp;<\/td><td>Rue de Venengy 3 <br>1174 Montherod<p>\u00a0079 454 02 02\u00a0\u00a0\u00a0\u00a0\u00a0\u00a0\u00a0\u00a0\u00a0\u00a0\u00a0\u00a0<\/p><\/td><\/tr><tr><td><strong>Vice-pr\u00e9sident<br><\/strong><br><br><\/td><td><br><strong>Sylvain Nguyen<\/strong><br>Ch. de la C\u00f4te 4<br>1076 FERLENS<br>079 232 72 59<br> <\/td><\/tr><tr><td><strong>Caissi\u00e8re<\/strong><\/td><td><strong>Sylvie Delaloye-Martin<\/strong><\/td><\/tr><tr><td>&nbsp;<\/td><td>Rte des Deux-Villages 55A<br>1806 Saint-L\u00e9gier\/La Chi\u00e9saz<br>079 667 48 94<br><\/td><\/tr><tr><td><strong>Secr\u00e9taire<\/strong><\/td><td><strong>Raymonde Zamboni<\/strong><\/td><\/tr><tr><td>&nbsp;<\/td><td>Ch. du Devin 57bis<br>1012 Lausanne<br>079 660 45 15<\/td><\/tr><tr><td>&nbsp;<\/td><td>&nbsp;<\/td><\/tr><tr><td><strong>Responsable agility<\/strong><\/td><td><strong>Dominique Stauffer<\/strong><\/td><\/tr><tr><td>&nbsp;<\/td><td>Ch. des Osches 2<br>1514 Bussy s\/Moudon<br>079 362 96 29<br><\/td><\/tr><tr><td><strong>Responsable SportPlaisir<\/strong><\/td><td><strong>Stellina Cardonne<\/strong><\/td><\/tr><tr><td>&nbsp;<\/td><td>Rue du Village 1<br>1308 La Chaux<br>077 411 68 85<br><\/td><\/tr><tr><td><strong>Membre adjointe<\/strong><\/td><td><strong>Catherine Moret<\/strong><\/td><\/tr><tr><td>&nbsp;<\/td><td>Isabelle de Montolieu145<br>1010 Lausanne<br>079 512 26 88<\/td><\/tr><\/tbody><\/table><\/figure>\n\n\n\n<p><\/p>\n\n\n\n<p><\/p>\n","protected":false},"excerpt":{"rendered":"<p>Le comit\u00e9 du CCCL Pr\u00e9sidente et Cheffe technique Anne-Christine Bassin &nbsp; Rue de Venengy 3 1174 Montherod \u00a0079 454 02 02\u00a0\u00a0\u00a0\u00a0\u00a0\u00a0\u00a0\u00a0\u00a0\u00a0\u00a0\u00a0 Vice-pr\u00e9sident Sylvain NguyenCh. de la C\u00f4te 41076 FERLENS079 232 72 59 Caissi\u00e8re Sylvie Delaloye-Martin &nbsp; Rte des Deux-Villages 55A1806 Saint-L\u00e9gier\/La Chi\u00e9saz079 667 48 94 Secr\u00e9taire Raymonde Zamboni &nbsp; Ch. du Devin 57bis1012 Lausanne079 660 &hellip; <a href=\"http:\/\/lechailly.ch\/w\/comite\/\" class=\"more-link\">Continuer la lecture de <span class=\"screen-reader-text\">Comit\u00e9<\/span> <span class=\"meta-nav\">&rarr;<\/span><\/a><\/p>\n","protected":false},"author":1,"featured_media":0,"parent":0,"menu_order":0,"comment_status":"closed","ping_status":"open","template":"","meta":{"footnotes":""},"_links":{"self":[{"href":"http:\/\/lechailly.ch\/w\/wp-json\/wp\/v2\/pages\/45"}],"collection":[{"href":"http:\/\/lechailly.ch\/w\/wp-json\/wp\/v2\/pages"}],"about":[{"href":"http:\/\/lechailly.ch\/w\/wp-json\/wp\/v2\/types\/page"}],"author":[{"embeddable":true,"href":"http:\/\/lechailly.ch\/w\/wp-json\/wp\/v2\/users\/1"}],"replies":[{"embeddable":true,"href":"http:\/\/lechailly.ch\/w\/wp-json\/wp\/v2\/comments?post=45"}],"version-history":[{"count":17,"href":"http:\/\/lechailly.ch\/w\/wp-json\/wp\/v2\/pages\/45\/revisions"}],"predecessor-version":[{"id":835,"href":"http:\/\/lechailly.ch\/w\/wp-json\/wp\/v2\/pages\/45\/revisions\/835"}],"wp:attachment":[{"href":"http:\/\/lechailly.ch\/w\/wp-json\/wp\/v2\/media?parent=45"}],"curies":[{"name":"wp","href":"https:\/\/api.w.org\/{rel}","templated":true}]}}