{"id":42,"date":"2015-08-10T20:56:34","date_gmt":"2015-08-10T20:56:34","guid":{"rendered":"http:\/\/lechailly.ch\/w\/?page_id=42"},"modified":"2022-02-09T11:23:45","modified_gmt":"2022-02-09T10:23:45","slug":"philosophie","status":"publish","type":"page","link":"http:\/\/lechailly.ch\/w\/philosophie\/","title":{"rendered":"Philosophie"},"content":{"rendered":"<p>Le but premier du club est la socialisation et l\u2019\u00e9ducation du chien, primordiales pour que celui-ci s\u2019int\u00e8gre sans difficult\u00e9 dans notre soci\u00e9t\u00e9.<\/p>\n<p>En m\u00eame temps, le chien apprend, par la MOTIVATION et le JEU, les bases n\u00e9cessaires: la marche en laisse, sans laisse, terre-assis, rappel.<\/p>\n<p>Au fur et \u00e0 mesure, s\u2019ajouteront d\u2019autres disciplines qui vous feront conna\u00eetre et appr\u00e9cier une autre approche de l\u2019\u00e9ducation.<\/p>\n<p>Nous vous rappelons que pour \u00e9voluer, il faut \u00e9galement que vous travailliez un peu chaque jour avec votre compagnon \u00e0 4 pattes (5 \u00e0 10 min. par jour suffisent).<\/p>\n","protected":false},"excerpt":{"rendered":"<p>Le but premier du club est la socialisation et l\u2019\u00e9ducation du chien, primordiales pour que celui-ci s\u2019int\u00e8gre sans difficult\u00e9 dans notre soci\u00e9t\u00e9. En m\u00eame temps, le chien apprend, par la MOTIVATION et le JEU, les bases n\u00e9cessaires: la marche en laisse, sans laisse, terre-assis, rappel. Au fur et \u00e0 mesure, s\u2019ajouteront d\u2019autres disciplines qui vous &hellip; <a href=\"http:\/\/lechailly.ch\/w\/philosophie\/\" class=\"more-link\">Continuer la lecture de <span class=\"screen-reader-text\">Philosophie<\/span> <span class=\"meta-nav\">&rarr;<\/span><\/a><\/p>\n","protected":false},"author":1,"featured_media":0,"parent":0,"menu_order":0,"comment_status":"closed","ping_status":"open","template":"","meta":{"footnotes":""},"_links":{"self":[{"href":"http:\/\/lechailly.ch\/w\/wp-json\/wp\/v2\/pages\/42"}],"collection":[{"href":"http:\/\/lechailly.ch\/w\/wp-json\/wp\/v2\/pages"}],"about":[{"href":"http:\/\/lechailly.ch\/w\/wp-json\/wp\/v2\/types\/page"}],"author":[{"embeddable":true,"href":"http:\/\/lechailly.ch\/w\/wp-json\/wp\/v2\/users\/1"}],"replies":[{"embeddable":true,"href":"http:\/\/lechailly.ch\/w\/wp-json\/wp\/v2\/comments?post=42"}],"version-history":[{"count":3,"href":"http:\/\/lechailly.ch\/w\/wp-json\/wp\/v2\/pages\/42\/revisions"}],"predecessor-version":[{"id":704,"href":"http:\/\/lechailly.ch\/w\/wp-json\/wp\/v2\/pages\/42\/revisions\/704"}],"wp:attachment":[{"href":"http:\/\/lechailly.ch\/w\/wp-json\/wp\/v2\/media?parent=42"}],"curies":[{"name":"wp","href":"https:\/\/api.w.org\/{rel}","templated":true}]}}