{"id":38,"date":"2015-08-10T20:55:48","date_gmt":"2015-08-10T18:55:48","guid":{"rendered":"http:\/\/lechailly.ch\/w\/?page_id=38"},"modified":"2026-01-14T10:51:21","modified_gmt":"2026-01-14T09:51:21","slug":"moniteurs","status":"publish","type":"page","link":"http:\/\/lechailly.ch\/w\/moniteurs\/","title":{"rendered":"Moniteurs"},"content":{"rendered":"<p align=\"left\">Les moniteurs sont tous des b\u00e9n\u00e9voles, ils ont suivi les cours de formation de la F\u00e9d\u00e9ration, pour certains des cours d\u2019autres organismes cynologiques ou m\u00eame des cours priv\u00e9s \u00e0 leurs frais.<\/p>\n<p align=\"left\">La plupart ont particip\u00e9 \u00e0 des concours \u00e0 tous les niveaux.<\/p>\n<p><strong>Monitrices<br \/>\n<\/strong><\/p>\n<ul>\n<li>BASSIN Anne-Christine (formation MEC)<\/li>\n<li>ZAMBONI Raymonde (formation FCB)<\/li>\n<li>SEYDOUX Roxane (formation MECB)<\/li>\n<li>STAUFFER Dominique (DIC)<\/li>\n<li>BARBEY Catherine (DIC)<\/li>\n<\/ul>\n","protected":false},"excerpt":{"rendered":"<p>Les moniteurs sont tous des b\u00e9n\u00e9voles, ils ont suivi les cours de formation de la F\u00e9d\u00e9ration, pour certains des cours d\u2019autres organismes cynologiques ou m\u00eame des cours priv\u00e9s \u00e0 leurs frais. La plupart ont particip\u00e9 \u00e0 des concours \u00e0 tous les niveaux. Monitrices BASSIN Anne-Christine (formation MEC) ZAMBONI Raymonde (formation FCB) SEYDOUX Roxane (formation MECB) &hellip; <a href=\"http:\/\/lechailly.ch\/w\/moniteurs\/\" class=\"more-link\">Continuer la lecture de <span class=\"screen-reader-text\">Moniteurs<\/span> <span class=\"meta-nav\">&rarr;<\/span><\/a><\/p>\n","protected":false},"author":1,"featured_media":0,"parent":0,"menu_order":0,"comment_status":"closed","ping_status":"open","template":"","meta":{"footnotes":""},"_links":{"self":[{"href":"http:\/\/lechailly.ch\/w\/wp-json\/wp\/v2\/pages\/38"}],"collection":[{"href":"http:\/\/lechailly.ch\/w\/wp-json\/wp\/v2\/pages"}],"about":[{"href":"http:\/\/lechailly.ch\/w\/wp-json\/wp\/v2\/types\/page"}],"author":[{"embeddable":true,"href":"http:\/\/lechailly.ch\/w\/wp-json\/wp\/v2\/users\/1"}],"replies":[{"embeddable":true,"href":"http:\/\/lechailly.ch\/w\/wp-json\/wp\/v2\/comments?post=38"}],"version-history":[{"count":12,"href":"http:\/\/lechailly.ch\/w\/wp-json\/wp\/v2\/pages\/38\/revisions"}],"predecessor-version":[{"id":918,"href":"http:\/\/lechailly.ch\/w\/wp-json\/wp\/v2\/pages\/38\/revisions\/918"}],"wp:attachment":[{"href":"http:\/\/lechailly.ch\/w\/wp-json\/wp\/v2\/media?parent=38"}],"curies":[{"name":"wp","href":"https:\/\/api.w.org\/{rel}","templated":true}]}}