{"id":34,"date":"2015-08-10T20:55:38","date_gmt":"2015-08-10T20:55:38","guid":{"rendered":"http:\/\/lechailly.ch\/w\/?page_id=34"},"modified":"2015-08-25T19:01:56","modified_gmt":"2015-08-25T19:01:56","slug":"historique","status":"publish","type":"page","link":"http:\/\/lechailly.ch\/w\/historique\/","title":{"rendered":"Historique"},"content":{"rendered":"<p align=\"left\">Le Club Cynologique de Chailly-sur-Lausanne (CCCL) a \u00e9t\u00e9 fond\u00e9 en 1968 \u00e0 Chailly en dessus de Lausanne, par une \u00e9quipe de passionn\u00e9s des chiens et de leur \u00e9ducation.<\/p>\n<p align=\"left\">Il a d\u00e9m\u00e9nag\u00e9 en 1973 sur le terrain du Bois-Genoud \u00e0 Romanel, terrain o\u00f9 il se trouve toujours.<\/p>\n<p align=\"left\">Le club fait partie de la FCS, F\u00e9d\u00e9ration Cynologique Suisse, elle-m\u00eame rattach\u00e9e \u00e0 l\u2019UCI, l\u2019Union Canine Internationale.<\/p>\n","protected":false},"excerpt":{"rendered":"<p>Le Club Cynologique de Chailly-sur-Lausanne (CCCL) a \u00e9t\u00e9 fond\u00e9 en 1968 \u00e0 Chailly en dessus de Lausanne, par une \u00e9quipe de passionn\u00e9s des chiens et de leur \u00e9ducation. Il a d\u00e9m\u00e9nag\u00e9 en 1973 sur le terrain du Bois-Genoud \u00e0 Romanel, terrain o\u00f9 il se trouve toujours. Le club fait partie de la FCS, F\u00e9d\u00e9ration Cynologique &hellip; <a href=\"http:\/\/lechailly.ch\/w\/historique\/\" class=\"more-link\">Continuer la lecture de <span class=\"screen-reader-text\">Historique<\/span> <span class=\"meta-nav\">&rarr;<\/span><\/a><\/p>\n","protected":false},"author":1,"featured_media":0,"parent":0,"menu_order":0,"comment_status":"closed","ping_status":"open","template":"","meta":{"footnotes":""},"_links":{"self":[{"href":"http:\/\/lechailly.ch\/w\/wp-json\/wp\/v2\/pages\/34"}],"collection":[{"href":"http:\/\/lechailly.ch\/w\/wp-json\/wp\/v2\/pages"}],"about":[{"href":"http:\/\/lechailly.ch\/w\/wp-json\/wp\/v2\/types\/page"}],"author":[{"embeddable":true,"href":"http:\/\/lechailly.ch\/w\/wp-json\/wp\/v2\/users\/1"}],"replies":[{"embeddable":true,"href":"http:\/\/lechailly.ch\/w\/wp-json\/wp\/v2\/comments?post=34"}],"version-history":[{"count":6,"href":"http:\/\/lechailly.ch\/w\/wp-json\/wp\/v2\/pages\/34\/revisions"}],"predecessor-version":[{"id":86,"href":"http:\/\/lechailly.ch\/w\/wp-json\/wp\/v2\/pages\/34\/revisions\/86"}],"wp:attachment":[{"href":"http:\/\/lechailly.ch\/w\/wp-json\/wp\/v2\/media?parent=34"}],"curies":[{"name":"wp","href":"https:\/\/api.w.org\/{rel}","templated":true}]}}