{"id":31,"date":"2015-08-10T20:55:31","date_gmt":"2015-08-10T20:55:31","guid":{"rendered":"http:\/\/lechailly.ch\/w\/?page_id=31"},"modified":"2026-01-14T11:00:48","modified_gmt":"2026-01-14T10:00:48","slug":"cotisations","status":"publish","type":"page","link":"http:\/\/lechailly.ch\/w\/cotisations\/","title":{"rendered":"Cotisations"},"content":{"rendered":"<p align=\"left\"><strong>ABONNEMENT <br \/><\/strong><\/p>\n<p align=\"left\">Un \u00ab\u00a0cours d\u00e9couverte\u00a0\u00bb vous est offert.<\/p>\n<p style=\"text-align: left;\" align=\"left\">A la suite de celui-ci, et si vous le souhaitez, un abonnement au prix de CHF 150.- est conclu pour 6 mois, renouvelable ou non.<\/p>\n<p align=\"left\">L&rsquo;abonnement est non remboursable.<\/p>\n<p align=\"left\">Lors de la conclusion d&rsquo;un abonnement, merci de pr\u00e9senter une copie de l&rsquo;attestation d&rsquo;assurance couvrant les d\u00e9g\u00e2ts caus\u00e9s par votre\/vos chiens.<\/p>\n<p align=\"left\"><strong>MEMBRE ACTIF<\/strong><\/p>\n<p align=\"left\">Au terme de votre abonnement, vous pourrez demander votre admission au club en tant que membre actif en remplissant le formulaire pr\u00e9vu \u00e0 cet effet.<\/p>\n<p align=\"left\">Apr\u00e8s acceptation par le comit\u00e9, la cotisation annuelle de membre actif est de CHF 100.- et de CHF 10.- pour le membre passif.<\/p>\n<p align=\"left\">En devenant membre actif, vous vous engagez \u00e0 vous rendre disponible au moins une fois par ann\u00e9e pour les activit\u00e9s organis\u00e9es par le club (concours agility, concours SportPlaisir, travaux cabane, etc.).<\/p>\n<p align=\"left\">Pour vous d\u00e9salt\u00e9rer, ou vous r\u00e9chauffer, la cabane est \u00e0 votre disposition. Vous y trouverez, outre une ambiance chaleureuse, des boissons \u00e0 un prix tr\u00e8s raisonnable.<\/p>\n\n\n<p><\/p>\n","protected":false},"excerpt":{"rendered":"<p>ABONNEMENT Un \u00ab\u00a0cours d\u00e9couverte\u00a0\u00bb vous est offert. A la suite de celui-ci, et si vous le souhaitez, un abonnement au prix de CHF 150.- est conclu pour 6 mois, renouvelable ou non. L&rsquo;abonnement est non remboursable. Lors de la conclusion d&rsquo;un abonnement, merci de pr\u00e9senter une copie de l&rsquo;attestation d&rsquo;assurance couvrant les d\u00e9g\u00e2ts caus\u00e9s par &hellip; <a href=\"http:\/\/lechailly.ch\/w\/cotisations\/\" class=\"more-link\">Continuer la lecture de <span class=\"screen-reader-text\">Cotisations<\/span> <span class=\"meta-nav\">&rarr;<\/span><\/a><\/p>\n","protected":false},"author":1,"featured_media":0,"parent":0,"menu_order":0,"comment_status":"closed","ping_status":"open","template":"","meta":{"footnotes":""},"_links":{"self":[{"href":"http:\/\/lechailly.ch\/w\/wp-json\/wp\/v2\/pages\/31"}],"collection":[{"href":"http:\/\/lechailly.ch\/w\/wp-json\/wp\/v2\/pages"}],"about":[{"href":"http:\/\/lechailly.ch\/w\/wp-json\/wp\/v2\/types\/page"}],"author":[{"embeddable":true,"href":"http:\/\/lechailly.ch\/w\/wp-json\/wp\/v2\/users\/1"}],"replies":[{"embeddable":true,"href":"http:\/\/lechailly.ch\/w\/wp-json\/wp\/v2\/comments?post=31"}],"version-history":[{"count":7,"href":"http:\/\/lechailly.ch\/w\/wp-json\/wp\/v2\/pages\/31\/revisions"}],"predecessor-version":[{"id":920,"href":"http:\/\/lechailly.ch\/w\/wp-json\/wp\/v2\/pages\/31\/revisions\/920"}],"wp:attachment":[{"href":"http:\/\/lechailly.ch\/w\/wp-json\/wp\/v2\/media?parent=31"}],"curies":[{"name":"wp","href":"https:\/\/api.w.org\/{rel}","templated":true}]}}