{"id":15,"date":"2015-08-10T20:43:13","date_gmt":"2015-08-10T20:43:13","guid":{"rendered":"http:\/\/lechailly.ch\/w\/?page_id=15"},"modified":"2026-03-14T12:04:17","modified_gmt":"2026-03-14T11:04:17","slug":"agility","status":"publish","type":"page","link":"http:\/\/lechailly.ch\/w\/agility\/","title":{"rendered":"Agility"},"content":{"rendered":"<p align=\"left\">L\u2019agility est une discipline ouverte \u00e0 tous les chiens. Elle consiste \u00e0 leur faire n\u00e9gocier divers obstacles dans le but de mettre en valeur leur intelligence et leur souplesse. Il s\u2019agit d\u2019un jeu \u00e9ducatif et sportif qui favorise leur bonne int\u00e9gration dans la soci\u00e9t\u00e9.<\/p>\n<p align=\"left\">Cette discipline implique une bonne harmonie entre le chien et son ma\u00eetre et aboutit \u00e0 une entente parfaite de leur \u00e9quipe ; il est donc n\u00e9cessaire aux participants de poss\u00e9der les bases \u00e9l\u00e9mentaires d\u2019\u00e9ducation et d\u2019ob\u00e9issance.<\/p>\n<p align=\"left\">\u00a0<a href=\"http:\/\/lechailly.ch\/w\/wp-content\/uploads\/2015\/09\/IMG_0023.jpg\"><img decoding=\"async\" src=\"http:\/\/lechailly.ch\/w\/wp-content\/uploads\/2015\/09\/IMG_0023.jpg\" alt=\"\" \/><\/a><\/p>\n<p align=\"left\">Afin de ne pas perturber la bonne croissance du chien, il est fortement d\u00e9conseill\u00e9 de faire sauter un chiot, voire un jeune chien, avant l\u2019\u00e2ge de 12 mois. Ceci est d\u2019autant plus important pour les races de grande taille ou de forte corpulence.<\/p>\n<p align=\"left\">Par contre, un chiot, d\u00e8s son plus jeune \u00e2ge, peut \u00eatre familiaris\u00e9 avec les diff\u00e9rents obstacles d\u2019agility, notamment avec le tunnel\u00a0 qu\u2019il peut apprendre \u00e0 \u00ab apprivoiser \u00bb et \u00e0 franchir tr\u00e8s jeune. En effet, ce type d\u2019obstacle ne n\u00e9cessite pas d\u2019effort physique et peut \u00eatre int\u00e9gr\u00e9 un exercice de sociabilisation du jeune chien.<\/p>\n<p align=\"left\">Au sein de notre club, nous pr\u00eatons donc une attention particuli\u00e8re \u00e0 l\u2019\u00e2ge des chiens qui viennent pour d\u00e9couvrir et \u00e9voluer en agility. Nous n\u2019acceptons pas que les chiens sautent ou franchissent des zones de contact compl\u00e8tes avant l\u2019\u00e2ge de 12 mois.<\/p>\n<p align=\"left\">En comp\u00e9tition, au sein de la FCS, les chiens de moins de 18 mois ne sont pas autoris\u00e9s \u00e0 prendre part aux concours.<\/p>\n<p align=\"left\">Par contre, pour ce qui est du conducteur, il n\u2019y a pas d\u2019\u00e2ge minimum ! Un enfant comme un adulte peut se lancer dans cette activit\u00e9.<\/p>\n<p align=\"left\">Le parcours est compos\u00e9 d\u2019obstacles qui, selon leur mise en place sur le terrain, donneront \u00e0 son trac\u00e9 sa sp\u00e9cificit\u00e9 en le rendant plus ou moins complexe et plus ou moins rapide. Il devra \u00eatre effectu\u00e9 dans un temps de base d\u00e9fini et selon un ordre impos\u00e9 de passage des obstacles. Dans les \u00e9quipes confirm\u00e9es, le chien \u00e9volue avec c\u00e9l\u00e9rit\u00e9 sur le parcours et son ma\u00eetre ne le contr\u00f4le plus qu\u2019avec des instructions vocales ou gr\u00e2ce au langage corporel.<\/p>\n<p align=\"left\">Que l\u2019on veuille faire de la comp\u00e9tition ou non l\u2019agility permet d\u2019acqu\u00e9rir une complicit\u00e9 avec son chien. Il permet une autre forme de d\u00e9couverte de son chien et renforce le climat de confiance et l\u2019assurance qu\u2019un conducteur doit avoir avec son compagnon \u00e0 4 pattes.<\/p>\n","protected":false},"excerpt":{"rendered":"<p>L\u2019agility est une discipline ouverte \u00e0 tous les chiens. Elle consiste \u00e0 leur faire n\u00e9gocier divers obstacles dans le but de mettre en valeur leur intelligence et leur souplesse. Il s\u2019agit d\u2019un jeu \u00e9ducatif et sportif qui favorise leur bonne int\u00e9gration dans la soci\u00e9t\u00e9. Cette discipline implique une bonne harmonie entre le chien et son &hellip; <a href=\"http:\/\/lechailly.ch\/w\/agility\/\" class=\"more-link\">Continuer la lecture de <span class=\"screen-reader-text\">Agility<\/span> <span class=\"meta-nav\">&rarr;<\/span><\/a><\/p>\n","protected":false},"author":1,"featured_media":0,"parent":0,"menu_order":4,"comment_status":"closed","ping_status":"closed","template":"","meta":{"footnotes":""},"_links":{"self":[{"href":"http:\/\/lechailly.ch\/w\/wp-json\/wp\/v2\/pages\/15"}],"collection":[{"href":"http:\/\/lechailly.ch\/w\/wp-json\/wp\/v2\/pages"}],"about":[{"href":"http:\/\/lechailly.ch\/w\/wp-json\/wp\/v2\/types\/page"}],"author":[{"embeddable":true,"href":"http:\/\/lechailly.ch\/w\/wp-json\/wp\/v2\/users\/1"}],"replies":[{"embeddable":true,"href":"http:\/\/lechailly.ch\/w\/wp-json\/wp\/v2\/comments?post=15"}],"version-history":[{"count":3,"href":"http:\/\/lechailly.ch\/w\/wp-json\/wp\/v2\/pages\/15\/revisions"}],"predecessor-version":[{"id":836,"href":"http:\/\/lechailly.ch\/w\/wp-json\/wp\/v2\/pages\/15\/revisions\/836"}],"wp:attachment":[{"href":"http:\/\/lechailly.ch\/w\/wp-json\/wp\/v2\/media?parent=15"}],"curies":[{"name":"wp","href":"https:\/\/api.w.org\/{rel}","templated":true}]}}